{"id":6406,"date":"2025-03-17T07:34:06","date_gmt":"2025-03-17T07:34:06","guid":{"rendered":"http:\/\/icliniclight.com\/checkout\/"},"modified":"2025-03-17T07:34:06","modified_gmt":"2025-03-17T07:34:06","slug":"checkout-2","status":"publish","type":"page","link":"https:\/\/icliniclight.com\/en\/checkout-2\/","title":{"rendered":"Checkout"},"content":{"rendered":"<div data-block-name=\"woocommerce\/checkout\" class=\"wp-block-woocommerce-checkout alignwide wc-block-checkout is-loading\">\n<div data-block-name=\"woocommerce\/checkout-fields-block\" class=\"wp-block-woocommerce-checkout-fields-block\">\n<div data-block-name=\"woocommerce\/checkout-express-payment-block\" class=\"wp-block-woocommerce-checkout-express-payment-block\"><\/div>\n\n\n\n<div data-block-name=\"woocommerce\/checkout-contact-information-block\" class=\"wp-block-woocommerce-checkout-contact-information-block\"><\/div>\n\n\n\n<div data-block-name=\"woocommerce\/checkout-shipping-method-block\" class=\"wp-block-woocommerce-checkout-shipping-method-block\"><\/div>\n\n\n\n<div data-block-name=\"woocommerce\/checkout-pickup-options-block\" class=\"wp-block-woocommerce-checkout-pickup-options-block\"><\/div>\n\n\n\n<div data-block-name=\"woocommerce\/checkout-shipping-address-block\" class=\"wp-block-woocommerce-checkout-shipping-address-block\"><\/div>\n\n\n\n<div data-block-name=\"woocommerce\/checkout-billing-address-block\" class=\"wp-block-woocommerce-checkout-billing-address-block\"><\/div>\n\n\n\n<div data-block-name=\"woocommerce\/checkout-shipping-methods-block\" class=\"wp-block-woocommerce-checkout-shipping-methods-block\"><\/div>\n\n\n\n<div data-block-name=\"woocommerce\/checkout-payment-block\" class=\"wp-block-woocommerce-checkout-payment-block\"><\/div>\n\n\n\n<div data-block-name=\"woocommerce\/checkout-additional-information-block\" class=\"wp-block-woocommerce-checkout-additional-information-block\"><\/div>\n\n\n\n<div data-block-name=\"woocommerce\/checkout-order-note-block\" class=\"wp-block-woocommerce-checkout-order-note-block\"><\/div>\n\n\n\n<div data-block-name=\"woocommerce\/checkout-terms-block\" class=\"wp-block-woocommerce-checkout-terms-block\"><\/div>\n\n\n\n<div data-block-name=\"woocommerce\/checkout-actions-block\" class=\"wp-block-woocommerce-checkout-actions-block\"><\/div>\n<\/div>\n\n\n\n<div data-block-name=\"woocommerce\/checkout-totals-block\" class=\"wp-block-woocommerce-checkout-totals-block\">\n<div data-block-name=\"woocommerce\/checkout-order-summary-block\" class=\"wp-block-woocommerce-checkout-order-summary-block\">\n<div data-block-name=\"woocommerce\/checkout-order-summary-cart-items-block\" class=\"wp-block-woocommerce-checkout-order-summary-cart-items-block\"><\/div><div data-block-name=\"woocommerce\/checkout-order-summary-coupon-form-block\" class=\"wp-block-woocommerce-checkout-order-summary-coupon-form-block\"><\/div><div data-block-name=\"woocommerce\/checkout-order-summary-totals-block\" class=\"wp-block-woocommerce-checkout-order-summary-totals-block\">\n<div data-block-name=\"woocommerce\/checkout-order-summary-subtotal-block\" class=\"wp-block-woocommerce-checkout-order-summary-subtotal-block\"><\/div>\n<div data-block-name=\"woocommerce\/checkout-order-summary-discount-block\" class=\"wp-block-woocommerce-checkout-order-summary-discount-block\"><\/div>\n<div data-block-name=\"woocommerce\/checkout-order-summary-fee-block\" class=\"wp-block-woocommerce-checkout-order-summary-fee-block\"><\/div>\n<div data-block-name=\"woocommerce\/checkout-order-summary-shipping-block\" class=\"wp-block-woocommerce-checkout-order-summary-shipping-block\"><\/div>\n<div data-block-name=\"woocommerce\/checkout-order-summary-taxes-block\" class=\"wp-block-woocommerce-checkout-order-summary-taxes-block\"><\/div><\/div>\n<\/div>\n<\/div>\n<\/div>","protected":false},"excerpt":{"rendered":"","protected":false},"author":1,"featured_media":0,"parent":0,"menu_order":0,"comment_status":"closed","ping_status":"closed","template":"","meta":{"_joinchat":[],"footnotes":""},"class_list":["post-6406","page","type-page","status-publish","hentry"],"yoast_head":"<!-- This site is optimized with the Yoast SEO plugin v26.5 - https:\/\/yoast.com\/wordpress\/plugins\/seo\/ -->\n<title>Checkout - INTERNATIONAL CLINIC LIGHT<\/title>\n<meta name=\"robots\" content=\"index, follow, max-snippet:-1, max-image-preview:large, max-video-preview:-1\" \/>\n<link rel=\"canonical\" href=\"https:\/\/icliniclight.com\/en\/checkout-2\/\" \/>\n<meta property=\"og:locale\" content=\"en_US\" \/>\n<meta property=\"og:type\" content=\"article\" \/>\n<meta property=\"og:title\" content=\"Checkout - INTERNATIONAL CLINIC LIGHT\" \/>\n<meta property=\"og:url\" content=\"https:\/\/icliniclight.com\/en\/checkout-2\/\" \/>\n<meta property=\"og:site_name\" content=\"INTERNATIONAL CLINIC LIGHT\" \/>\n<meta property=\"article:publisher\" content=\"https:\/\/www.facebook.com\/cliniclightcolombia\" \/>\n<meta property=\"og:image\" content=\"https:\/\/icliniclight.com\/wp-content\/uploads\/2025\/04\/1-logo_2024-06__1_-removebg-preview.png\" \/>\n\t<meta property=\"og:image:width\" content=\"504\" \/>\n\t<meta property=\"og:image:height\" content=\"495\" \/>\n\t<meta property=\"og:image:type\" content=\"image\/png\" \/>\n<meta name=\"twitter:card\" content=\"summary_large_image\" \/>\n<script type=\"application\/ld+json\" class=\"yoast-schema-graph\">{\"@context\":\"https:\/\/schema.org\",\"@graph\":[{\"@type\":\"WebPage\",\"@id\":\"https:\/\/icliniclight.com\/checkout-2\/\",\"url\":\"https:\/\/icliniclight.com\/checkout-2\/\",\"name\":\"Checkout - INTERNATIONAL CLINIC LIGHT\",\"isPartOf\":{\"@id\":\"https:\/\/icliniclight.com\/#website\"},\"datePublished\":\"2025-03-17T07:34:06+00:00\",\"breadcrumb\":{\"@id\":\"https:\/\/icliniclight.com\/checkout-2\/#breadcrumb\"},\"inLanguage\":\"en-US\",\"potentialAction\":[{\"@type\":\"ReadAction\",\"target\":[\"https:\/\/icliniclight.com\/checkout-2\/\"]}]},{\"@type\":\"BreadcrumbList\",\"@id\":\"https:\/\/icliniclight.com\/checkout-2\/#breadcrumb\",\"itemListElement\":[{\"@type\":\"ListItem\",\"position\":1,\"name\":\"Inicio\",\"item\":\"https:\/\/icliniclight.com\/\"},{\"@type\":\"ListItem\",\"position\":2,\"name\":\"Checkout\"}]},{\"@type\":\"WebSite\",\"@id\":\"https:\/\/icliniclight.com\/#website\",\"url\":\"https:\/\/icliniclight.com\/\",\"name\":\"International Clinic Light\",\"description\":\"CIRUG\u00cdA PL\u00c1STICA, EST\u00c9TICA &amp; MEDICINA ANTIEDAD\",\"publisher\":{\"@id\":\"https:\/\/icliniclight.com\/#organization\"},\"potentialAction\":[{\"@type\":\"SearchAction\",\"target\":{\"@type\":\"EntryPoint\",\"urlTemplate\":\"https:\/\/icliniclight.com\/?s={search_term_string}\"},\"query-input\":{\"@type\":\"PropertyValueSpecification\",\"valueRequired\":true,\"valueName\":\"search_term_string\"}}],\"inLanguage\":\"en-US\"},{\"@type\":\"Organization\",\"@id\":\"https:\/\/icliniclight.com\/#organization\",\"name\":\"International Clinic Light\",\"url\":\"https:\/\/icliniclight.com\/\",\"logo\":{\"@type\":\"ImageObject\",\"inLanguage\":\"en-US\",\"@id\":\"https:\/\/icliniclight.com\/#\/schema\/logo\/image\/\",\"url\":\"https:\/\/icliniclight.com\/wp-content\/uploads\/2025\/04\/logoweb.png\",\"contentUrl\":\"https:\/\/icliniclight.com\/wp-content\/uploads\/2025\/04\/logoweb.png\",\"width\":718,\"height\":641,\"caption\":\"International Clinic Light\"},\"image\":{\"@id\":\"https:\/\/icliniclight.com\/#\/schema\/logo\/image\/\"},\"sameAs\":[\"https:\/\/www.facebook.com\/cliniclightcolombia\",\"https:\/\/www.instagram.com\/cliniclight\/\",\"https:\/\/www.tiktok.com\/@clinic.light\"]}]}<\/script>\n<!-- \/ Yoast SEO plugin. -->","yoast_head_json":{"title":"Checkout - INTERNATIONAL CLINIC LIGHT","robots":{"index":"index","follow":"follow","max-snippet":"max-snippet:-1","max-image-preview":"max-image-preview:large","max-video-preview":"max-video-preview:-1"},"canonical":"https:\/\/icliniclight.com\/en\/checkout-2\/","og_locale":"en_US","og_type":"article","og_title":"Checkout - INTERNATIONAL CLINIC LIGHT","og_url":"https:\/\/icliniclight.com\/en\/checkout-2\/","og_site_name":"INTERNATIONAL CLINIC LIGHT","article_publisher":"https:\/\/www.facebook.com\/cliniclightcolombia","og_image":[{"width":504,"height":495,"url":"https:\/\/icliniclight.com\/wp-content\/uploads\/2025\/04\/1-logo_2024-06__1_-removebg-preview.png","type":"image\/png"}],"twitter_card":"summary_large_image","schema":{"@context":"https:\/\/schema.org","@graph":[{"@type":"WebPage","@id":"https:\/\/icliniclight.com\/checkout-2\/","url":"https:\/\/icliniclight.com\/checkout-2\/","name":"Checkout - INTERNATIONAL CLINIC LIGHT","isPartOf":{"@id":"https:\/\/icliniclight.com\/#website"},"datePublished":"2025-03-17T07:34:06+00:00","breadcrumb":{"@id":"https:\/\/icliniclight.com\/checkout-2\/#breadcrumb"},"inLanguage":"en-US","potentialAction":[{"@type":"ReadAction","target":["https:\/\/icliniclight.com\/checkout-2\/"]}]},{"@type":"BreadcrumbList","@id":"https:\/\/icliniclight.com\/checkout-2\/#breadcrumb","itemListElement":[{"@type":"ListItem","position":1,"name":"Inicio","item":"https:\/\/icliniclight.com\/"},{"@type":"ListItem","position":2,"name":"Checkout"}]},{"@type":"WebSite","@id":"https:\/\/icliniclight.com\/#website","url":"https:\/\/icliniclight.com\/","name":"International Clinic Light","description":"CIRUG\u00cdA PL\u00c1STICA, EST\u00c9TICA &amp; MEDICINA ANTIEDAD","publisher":{"@id":"https:\/\/icliniclight.com\/#organization"},"potentialAction":[{"@type":"SearchAction","target":{"@type":"EntryPoint","urlTemplate":"https:\/\/icliniclight.com\/?s={search_term_string}"},"query-input":{"@type":"PropertyValueSpecification","valueRequired":true,"valueName":"search_term_string"}}],"inLanguage":"en-US"},{"@type":"Organization","@id":"https:\/\/icliniclight.com\/#organization","name":"International Clinic Light","url":"https:\/\/icliniclight.com\/","logo":{"@type":"ImageObject","inLanguage":"en-US","@id":"https:\/\/icliniclight.com\/#\/schema\/logo\/image\/","url":"https:\/\/icliniclight.com\/wp-content\/uploads\/2025\/04\/logoweb.png","contentUrl":"https:\/\/icliniclight.com\/wp-content\/uploads\/2025\/04\/logoweb.png","width":718,"height":641,"caption":"International Clinic Light"},"image":{"@id":"https:\/\/icliniclight.com\/#\/schema\/logo\/image\/"},"sameAs":["https:\/\/www.facebook.com\/cliniclightcolombia","https:\/\/www.instagram.com\/cliniclight\/","https:\/\/www.tiktok.com\/@clinic.light"]}]}},"_links":{"self":[{"href":"https:\/\/icliniclight.com\/en\/wp-json\/wp\/v2\/pages\/6406","targetHints":{"allow":["GET"]}}],"collection":[{"href":"https:\/\/icliniclight.com\/en\/wp-json\/wp\/v2\/pages"}],"about":[{"href":"https:\/\/icliniclight.com\/en\/wp-json\/wp\/v2\/types\/page"}],"author":[{"embeddable":true,"href":"https:\/\/icliniclight.com\/en\/wp-json\/wp\/v2\/users\/1"}],"replies":[{"embeddable":true,"href":"https:\/\/icliniclight.com\/en\/wp-json\/wp\/v2\/comments?post=6406"}],"version-history":[{"count":0,"href":"https:\/\/icliniclight.com\/en\/wp-json\/wp\/v2\/pages\/6406\/revisions"}],"wp:attachment":[{"href":"https:\/\/icliniclight.com\/en\/wp-json\/wp\/v2\/media?parent=6406"}],"curies":[{"name":"wp","href":"https:\/\/api.w.org\/{rel}","templated":true}]}}