{"id":30,"date":"2025-03-17T07:35:04","date_gmt":"2025-03-17T07:35:04","guid":{"rendered":"http:\/\/icliniclight.com\/book-a-visit\/"},"modified":"2025-04-20T00:14:37","modified_gmt":"2025-04-20T00:14:37","slug":"agenda-tu-cita","status":"publish","type":"page","link":"https:\/\/icliniclight.com\/en\/agenda-tu-cita\/","title":{"rendered":"Agenda your appointment"},"content":{"rendered":"<div data-elementor-type=\"wp-page\" data-elementor-id=\"30\" class=\"elementor elementor-30\">\n\t\t\t\t <div class=\"elementor-element elementor-element-550809d e-flex e-con-boxed e-con e-parent\" data-id=\"550809d\" data-element_type=\"container\" data-settings=\"{&quot;background_background&quot;:&quot;classic&quot;}\">\n\t\t\t\t\t<div class=\"e-con-inner\">\n\t\t<div class=\"elementor-element elementor-element-ea282a8 e-con-full e-flex e-con e-child\" data-id=\"ea282a8\" data-element_type=\"container\">\n\t\t\t\t<div class=\"elementor-element elementor-element-2543873 subtitle-position-above elementor-widget__width-initial elementor-mobile-align-center elementor-invisible elementor-widget elementor-widget-bemeina-heading\" data-id=\"2543873\" data-element_type=\"widget\" data-settings=\"{&quot;_animation&quot;:&quot;opal-move-right&quot;}\" data-widget_type=\"bemeina-heading.default\">\n\t\t\t\t<div class=\"elementor-widget-container\">\n\t\t\t\t\t<div class=\"elementor-heading-wrapper-inner\"><h2 class=\"elementor-heading-title elementor-size-default\">Reserva tu cita f\u00e1cilmente<\/h2><div class=\"elementor-sub-title\"><span>D\u00e9janos tus datos y agenda tu visita con nosotros. <\/span><\/div><\/div>\t\t\t\t<\/div>\n\t\t\t\t<\/div>\n\t\t\t\t<\/div>\n\t\t<div class=\"elementor-element elementor-element-ae2f4ec e-con-full e-flex e-con e-child\" data-id=\"ae2f4ec\" data-element_type=\"container\">\n\t\t\t\t<div class=\"elementor-element elementor-element-a110405 elementor-widget__width-initial elementor-widget-mobile__width-inherit elementor-invisible elementor-widget elementor-widget-text-editor\" data-id=\"a110405\" data-element_type=\"widget\" data-settings=\"{&quot;_animation&quot;:&quot;opal-move-left&quot;}\" data-widget_type=\"text-editor.default\">\n\t\t\t\t<div class=\"elementor-widget-container\">\n\t\t\t\t\t\t\t\t\t<p>Nuestro equipo se comunicar\u00e1 contigo para confirmar y acompa\u00f1arte en todo el proceso.<\/p>\t\t\t\t\t\t\t\t<\/div>\n\t\t\t\t<\/div>\n\t\t\t\t<\/div>\n\t\t<div class=\"elementor-element elementor-element-d3a301b e-con-full e-flex e-con e-child\" data-id=\"d3a301b\" data-element_type=\"container\">\n\t\t\t\t<div class=\"elementor-element elementor-element-f4728f7 elementor-invisible elementor-widget elementor-widget-bemeina-contactform\" data-id=\"f4728f7\" data-element_type=\"widget\" data-settings=\"{&quot;_animation&quot;:&quot;opal-move-up&quot;}\" data-widget_type=\"bemeina-contactform.default\">\n\t\t\t\t<div class=\"elementor-widget-container\">\n\t\t\t\t\t\n<div class=\"wpcf7 no-js\" id=\"wpcf7-f977-o1\" lang=\"en-US\" dir=\"ltr\" data-wpcf7-id=\"977\">\n<div class=\"screen-reader-response\"><p role=\"status\" aria-live=\"polite\" aria-atomic=\"true\"><\/p> <ul><\/ul><\/div>\n<form action=\"\/en\/wp-json\/wp\/v2\/pages\/30#wpcf7-f977-o1\" method=\"post\" class=\"wpcf7-form init\" aria-label=\"Contact form\" novalidate=\"novalidate\" data-status=\"init\" data-trp-original-action=\"\/en\/wp-json\/wp\/v2\/pages\/30#wpcf7-f977-o1\">\n<fieldset class=\"hidden-fields-container\"><input type=\"hidden\" name=\"_wpcf7\" value=\"977\" \/><input type=\"hidden\" name=\"_wpcf7_version\" value=\"6.1.4\" \/><input type=\"hidden\" name=\"_wpcf7_locale\" value=\"en_US\" \/><input type=\"hidden\" name=\"_wpcf7_unit_tag\" value=\"wpcf7-f977-o1\" \/><input type=\"hidden\" name=\"_wpcf7_container_post\" value=\"0\" \/><input type=\"hidden\" name=\"_wpcf7_posted_data_hash\" value=\"\" \/>\n<\/fieldset>\n<div class=\"form-2\">\n\t<div class=\"row row-form-1\">\n\t\t<div class=\"column-tablet-6 column-12\">\n\t\t\t<p><span class=\"wpcf7-form-control-wrap\" data-name=\"your-name\"><input size=\"40\" maxlength=\"400\" class=\"wpcf7-form-control wpcf7-text wpcf7-validates-as-required\" id=\"your-name\" aria-required=\"true\" aria-invalid=\"false\" value=\"Tu Nombre *\" type=\"text\" name=\"your-name\" \/><\/span>\n\t\t\t<\/p>\n\t\t<\/div>\n\t\t<div class=\"column-tablet-6 column-12\">\n\t\t\t<p><span class=\"wpcf7-form-control-wrap\" data-name=\"your-email\"><input size=\"40\" maxlength=\"400\" class=\"wpcf7-form-control wpcf7-email wpcf7-validates-as-required wpcf7-text wpcf7-validates-as-email\" id=\"your-email\" aria-required=\"true\" aria-invalid=\"false\" value=\"Correo Electr\u00f3nico *\" type=\"email\" name=\"your-email\" \/><\/span>\n\t\t\t<\/p>\n\t\t<\/div>\n\t<\/div>\n\t<div class=\"row row-form-1\">\n\t\t<div class=\"column-tablet-6 column-12\">\n\t\t\t<p><span class=\"wpcf7-form-control-wrap\" data-name=\"yourphone\"><input size=\"40\" maxlength=\"400\" class=\"wpcf7-form-control wpcf7-tel wpcf7-validates-as-required wpcf7-text wpcf7-validates-as-tel\" id=\"your-phone\" aria-required=\"true\" aria-invalid=\"false\" value=\"Tu Tel\u00e9fono *\" type=\"tel\" name=\"yourphone\" \/><\/span>\n\t\t\t<\/p>\n\t\t<\/div>\n\t\t<div class=\"column-tablet-6 column-12 date-style\">\n\t\t\t<p><span class=\"wpcf7-form-control-wrap\" data-name=\"date-503\"><input class=\"wpcf7-form-control wpcf7-date wpcf7-validates-as-date\" aria-invalid=\"false\" value=\"\" type=\"date\" name=\"date-503\" \/><\/span>\n\t\t\t<\/p>\n\t\t<\/div>\n\t<\/div>\n\t<div class=\"row row-form-1\">\n\t\t<div class=\"column-tablet-6 column-12\">\n\t\t\t<p><span class=\"wpcf7-form-control-wrap\" data-name=\"bemeinaservice-611\"><select class=\"wpcf7-form-control wpcf7-bemeinaservice bemeinaservice\" aria-invalid=\"false\" name=\"bemeinaservice-611\"><option value=\"\">Choose a service<\/option><option value=\"Bioestimuladores (Sculptra, Odilia, Radiensse)\">Bioestimuladores (Sculptra, Odilia, Radiensse)<\/option><option value=\"0-Acne\">0-Acne<\/option><option value=\"Plasma 4g\">Plasma 4g<\/option><option value=\"Desmancha-T\">Desmancha-T<\/option><option value=\"\u00c1cido Hialuronico En Ojeras; Menton; Mejillas; Surcos Nasogenianos; Lineas De Marioneta, Masculinizaci\u00f6n Facial\">\u00c1cido Hialuronico En Ojeras; Menton; Mejillas; Surcos Nasogenianos; Lineas De Marioneta, Masculinizaci\u00f6n Facial<\/option><option value=\"Resecci\u00f3n De Verrugas\">Resecci\u00f3n De Verrugas<\/option><option value=\"Total Face-arrugas (propia tecnica)\">Total Face-arrugas (propia tecnica)<\/option><option value=\"JC  Lips\/Dise\u00f1o de Labios con \u00c1cido Hialur\u00f3nico\">JC  Lips\/Dise\u00f1o de Labios con \u00c1cido Hialur\u00f3nico<\/option><option value=\"Hilos Magicos Pdo\">Hilos Magicos Pdo<\/option><option value=\"Hilos Tensores\">Hilos Tensores<\/option><option value=\"Anemia\">Anemia<\/option><option value=\"Fortalec-T\">Fortalec-T<\/option><option value=\"Adelgaza-T\">Adelgaza-T<\/option><option value=\"Vigoriza-T\">Vigoriza-T<\/option><option value=\"Alivia-T\">Alivia-T<\/option><option value=\"Colon Plus\">Colon Plus<\/option><option value=\"Rejuvenec-T\">Rejuvenec-T<\/option><option value=\"Piel de Reina\">Piel de Reina<\/option><option value=\"Revitaliza-T\">Revitaliza-T<\/option><option value=\"Desintoxica-T\">Desintoxica-T<\/option><option value=\"Protocolo de nutrici\u00f3n\">Protocolo de nutrici\u00f3n<\/option><option value=\"Protocolo tensor\">Protocolo tensor<\/option><option value=\"Protocolo de limpieza\">Protocolo de limpieza<\/option><option value=\"Control de peso (bal\u00f3n g\u00e1strico)\">Control de peso (bal\u00f3n g\u00e1strico)<\/option><option value=\"Mamoplastia de Reducci\u00f3n\">Reduction mammoplasty<\/option><option value=\"Marcaci\u00f2n Abdominal (Smart Definiti\u00f2n)\">Marcaci\u00f2n Abdominal (Smart Definiti\u00f2n)<\/option><option value=\"Braquioplastia o cirug\u00eda de brazos\">Braquioplastia o cirug\u00eda de brazos<\/option><option value=\"Lipo HD de Papada\">Lipo HD de Papada<\/option><option value=\"Bichectom\u00eda\">Bichectom\u00eda<\/option><option value=\"Alectom\u00eda\">Alectom\u00eda<\/option><option value=\"Lifting facial\">Lifting facial<\/option><option value=\"Blefaroplastia\">Blefaroplastia<\/option><option value=\"Rinoplastia (nariz)\">Rinoplastia (nariz)<\/option><option value=\"Otoplastia (orejas)\">Otoplastia (orejas)<\/option><option value=\"Mesolipo\">Mesolipo<\/option><option value=\"Mesotonic\">Mesotonic<\/option><option value=\"Reduflash\">Reduflash<\/option><option value=\"Correcci\u00f3n de Ginecomastia\">Correcci\u00f3n de Ginecomastia<\/option><option value=\"Pexia Mamaria (T Invertida con implantes)\">Pexia Mamaria (T Invertida con implantes)<\/option><option value=\"Mamoplastia de Aumento\">Breast Augmentation<\/option><option value=\"Mini Abdominoplastia\">Mini Tummy Tuck<\/option><option value=\"Abdominoplastia Total HD\">Abdominoplasty-Total HD<\/option><option value=\"Lipoescultura HD\">Liposculpture HD<\/option><option value=\"Lipoinjerto de Gl\u00fateos\">Lipograft Butt<\/option><\/select><\/span>\n\t\t\t<\/p>\n\t\t<\/div>\n\t\t<div class=\"column-tablet-6 column-12\">\n\t\t\t<p><span class=\"wpcf7-form-control-wrap\" data-name=\"bemeinateam-851\"><select class=\"wpcf7-form-control wpcf7-bemeinateam bemeinateam\" aria-invalid=\"false\" name=\"bemeinateam-851\"><option value=\"\">Choose a doctor<\/option><option value=\"Dra. Jany Paola Coll Monery\">Dr. Jany Paola Coll Monery<\/option><option value=\"Dr. Octavio Cubas Mendoza\">Dr. Octavio Vats Mendoza<\/option><\/select><\/span>\n\t\t\t<\/p>\n\t\t<\/div>\n\t<\/div>\n\t<div class=\"row row-form-1\">\n\t\t<div class=\"column-12\">\n\t\t\t<p><span class=\"wpcf7-form-control-wrap\" data-name=\"your-message\"><textarea cols=\"40\" rows=\"5\" maxlength=\"2000\" class=\"wpcf7-form-control wpcf7-textarea wpcf7-validates-as-required\" aria-required=\"true\" aria-invalid=\"false\" name=\"your-message\">Escribe una nota para la cita<\/textarea><\/span>\n\t\t\t<\/p>\n\t\t<\/div>\n\t<\/div>\n\t<div class=\"wpcf7-button has-spinner\">\n\t\t<p><button type=\"submit\" value=\"Enviar\" class=\"elementor-button btn-slip-effect\"><br \/>\n<span class=\"elementor-button-icon\"><br \/>\n<i aria-hidden=\"true\" class=\"bemeina-icon-flower\"><\/i><br \/>\n<\/span><br \/>\n<span class=\"elementor-button-text bemeina_btn_text\" data-text=\"Reservar cita\">Book appointment<\/span><br \/>\n<\/button>\n\t\t<\/p>\n\t<\/div>\n<\/div><div class=\"wpcf7-response-output\" aria-hidden=\"true\"><\/div>\n<input type=\"hidden\" name=\"trp-form-language\" value=\"en\"\/><\/form>\n<\/div>\n\t\t\t\t<\/div>\n\t\t\t\t<\/div>\n\t\t\t\t<div class=\"elementor-element elementor-element-4e5cb68 elementor-invisible elementor-widget elementor-widget-text-editor\" data-id=\"4e5cb68\" data-element_type=\"widget\" data-settings=\"{&quot;_animation&quot;:&quot;opal-move-up&quot;}\" data-widget_type=\"text-editor.default\">\n\t\t\t\t<div class=\"elementor-widget-container\">\n\t\t\t\t\t\t\t\t\t<p>Si tienes alguna pregunta, no dudes en comunicarte con nosotros. Las reservas existentes que se vean afectadas ser\u00e1n reprogramadas con prioridad.<\/p>\t\t\t\t\t\t\t\t<\/div>\n\t\t\t\t<\/div>\n\t\t\t\t<div class=\"elementor-element elementor-element-07ac460 elementor-invisible elementor-widget elementor-widget-text-editor\" data-id=\"07ac460\" data-element_type=\"widget\" data-settings=\"{&quot;_animation&quot;:&quot;opal-move-up&quot;}\" data-widget_type=\"text-editor.default\">\n\t\t\t\t<div class=\"elementor-widget-container\">\n\t\t\t\t\t\t\t\t\t<p>\ud83d\udcde Ll\u00e1manos: <strong data-start=\"584\" data-end=\"603\">+57 322 3617065<\/strong><br data-start=\"603\" data-end=\"606\" \/>\ud83d\udce7 Correo: <strong data-start=\"617\" data-end=\"645\"><a rel=\"noopener\" data-start=\"619\" data-end=\"643\">contacto@cliniclight.com<\/a><\/strong><\/p>\t\t\t\t\t\t\t\t<\/div>\n\t\t\t\t<\/div>\n\t\t\t\t<\/div>\n\t\t<div class=\"elementor-element elementor-element-e1608a9 e-con-full e-flex e-con e-child\" data-id=\"e1608a9\" data-element_type=\"container\">\n\t\t\t\t<div class=\"elementor-element elementor-element-b23ee3c elementor-invisible elementor-widget elementor-widget-image\" data-id=\"b23ee3c\" data-element_type=\"widget\" data-settings=\"{&quot;_animation&quot;:&quot;opal-move-left&quot;}\" data-widget_type=\"image.default\">\n\t\t\t\t<div class=\"elementor-widget-container\">\n\t\t\t\t\t\t\t\t\t\t\t\t\t\t\t<img fetchpriority=\"high\" decoding=\"async\" width=\"540\" height=\"660\" src=\"https:\/\/icliniclight.com\/wp-content\/uploads\/2025\/03\/book-backgound.png\" class=\"attachment-full size-full wp-image-1090\" alt=\"\" srcset=\"https:\/\/icliniclight.com\/wp-content\/uploads\/2025\/03\/book-backgound.png 540w, https:\/\/icliniclight.com\/wp-content\/uploads\/2025\/03\/book-backgound-245x300.png 245w, https:\/\/icliniclight.com\/wp-content\/uploads\/2025\/03\/book-backgound-515x629.png 515w\" sizes=\"(max-width: 540px) 100vw, 540px\" \/>\t\t\t\t\t\t\t\t\t\t\t\t\t\t\t<\/div>\n\t\t\t\t<\/div>\n\t\t\t\t<div class=\"elementor-element elementor-element-79b5b9d elementor-absolute e-transform elementor-widget-mobile__width-inherit elementor-invisible elementor-widget elementor-widget-heading\" data-id=\"79b5b9d\" data-element_type=\"widget\" data-settings=\"{&quot;_position&quot;:&quot;absolute&quot;,&quot;_transform_rotateZ_effect&quot;:{&quot;unit&quot;:&quot;px&quot;,&quot;size&quot;:-6.89,&quot;sizes&quot;:[]},&quot;_animation&quot;:&quot;zoomIn&quot;,&quot;_transform_rotateZ_effect_laptop&quot;:{&quot;unit&quot;:&quot;deg&quot;,&quot;size&quot;:&quot;&quot;,&quot;sizes&quot;:[]},&quot;_transform_rotateZ_effect_tablet_extra&quot;:{&quot;unit&quot;:&quot;deg&quot;,&quot;size&quot;:&quot;&quot;,&quot;sizes&quot;:[]},&quot;_transform_rotateZ_effect_tablet&quot;:{&quot;unit&quot;:&quot;deg&quot;,&quot;size&quot;:&quot;&quot;,&quot;sizes&quot;:[]},&quot;_transform_rotateZ_effect_mobile_extra&quot;:{&quot;unit&quot;:&quot;deg&quot;,&quot;size&quot;:&quot;&quot;,&quot;sizes&quot;:[]},&quot;_transform_rotateZ_effect_mobile&quot;:{&quot;unit&quot;:&quot;deg&quot;,&quot;size&quot;:&quot;&quot;,&quot;sizes&quot;:[]}}\" data-widget_type=\"heading.default\">\n\t\t\t\t<div class=\"elementor-widget-container\">\n\t\t\t\t\t<h2 class=\"elementor-heading-title elementor-size-default\">Book a visit<\/h2>\t\t\t\t<\/div>\n\t\t\t\t<\/div>\n\t\t\t\t<\/div>\n\t\t\t\t\t<\/div>\n\t\t\t\t<\/div>\n\t\t\t\t<\/div>","protected":false},"excerpt":{"rendered":"<p>Reserva tu cita f\u00e1cilmente D\u00e9janos tus datos y agenda tu visita con nosotros. Nuestro equipo se comunicar\u00e1 contigo para confirmar y acompa\u00f1arte en todo el proceso. Elige un servicioTest servicesHaircuts &#038; StylingHair ColoringHair TreatmentsHair StylingHair ExtensionPure Bliss Body WrapSerenity Signature FacialEternal Glow Body ScrubGolden Glow Body GlowZen Retreat Foot TherapyRadiant Revive FacialScar RevisionDermal FillersLiposuctionBreast LiftBrow [&hellip;]<\/p>","protected":false},"author":1,"featured_media":0,"parent":0,"menu_order":0,"comment_status":"closed","ping_status":"closed","template":"","meta":{"_joinchat":[],"footnotes":""},"class_list":["post-30","page","type-page","status-publish","hentry"],"yoast_head":"<!-- This site is optimized with the Yoast SEO plugin v26.5 - https:\/\/yoast.com\/wordpress\/plugins\/seo\/ -->\n<title>Agenda tu cita - INTERNATIONAL CLINIC LIGHT<\/title>\n<meta name=\"robots\" content=\"index, follow, max-snippet:-1, max-image-preview:large, max-video-preview:-1\" \/>\n<link rel=\"canonical\" href=\"https:\/\/icliniclight.com\/en\/agenda-tu-cita\/\" \/>\n<meta property=\"og:locale\" content=\"en_US\" \/>\n<meta property=\"og:type\" content=\"article\" \/>\n<meta property=\"og:title\" content=\"Agenda tu cita - INTERNATIONAL CLINIC LIGHT\" \/>\n<meta property=\"og:description\" content=\"Reserva tu cita f\u00e1cilmente D\u00e9janos tus datos y agenda tu visita con nosotros. Nuestro equipo se comunicar\u00e1 contigo para confirmar y acompa\u00f1arte en todo el proceso. Elige un servicioTest servicesHaircuts &#038; StylingHair ColoringHair TreatmentsHair StylingHair ExtensionPure Bliss Body WrapSerenity Signature FacialEternal Glow Body ScrubGolden Glow Body GlowZen Retreat Foot TherapyRadiant Revive FacialScar RevisionDermal FillersLiposuctionBreast LiftBrow [&hellip;]\" \/>\n<meta property=\"og:url\" content=\"https:\/\/icliniclight.com\/en\/agenda-tu-cita\/\" \/>\n<meta property=\"og:site_name\" content=\"INTERNATIONAL CLINIC LIGHT\" \/>\n<meta property=\"article:publisher\" content=\"https:\/\/www.facebook.com\/cliniclightcolombia\" \/>\n<meta property=\"article:modified_time\" content=\"2025-04-20T00:14:37+00:00\" \/>\n<meta property=\"og:image\" content=\"https:\/\/icliniclight.com\/wp-content\/uploads\/2025\/03\/book-backgound.png\" \/>\n\t<meta property=\"og:image:width\" content=\"540\" \/>\n\t<meta property=\"og:image:height\" content=\"660\" \/>\n\t<meta property=\"og:image:type\" content=\"image\/png\" \/>\n<meta name=\"twitter:card\" content=\"summary_large_image\" \/>\n<meta name=\"twitter:label1\" content=\"Est. reading time\" \/>\n\t<meta name=\"twitter:data1\" content=\"1 minute\" \/>\n<script type=\"application\/ld+json\" class=\"yoast-schema-graph\">{\"@context\":\"https:\/\/schema.org\",\"@graph\":[{\"@type\":\"WebPage\",\"@id\":\"https:\/\/icliniclight.com\/agenda-tu-cita\/\",\"url\":\"https:\/\/icliniclight.com\/agenda-tu-cita\/\",\"name\":\"Agenda tu cita - INTERNATIONAL CLINIC LIGHT\",\"isPartOf\":{\"@id\":\"https:\/\/icliniclight.com\/#website\"},\"primaryImageOfPage\":{\"@id\":\"https:\/\/icliniclight.com\/agenda-tu-cita\/#primaryimage\"},\"image\":{\"@id\":\"https:\/\/icliniclight.com\/agenda-tu-cita\/#primaryimage\"},\"thumbnailUrl\":\"https:\/\/icliniclight.com\/wp-content\/uploads\/2025\/03\/book-backgound.png\",\"datePublished\":\"2025-03-17T07:35:04+00:00\",\"dateModified\":\"2025-04-20T00:14:37+00:00\",\"breadcrumb\":{\"@id\":\"https:\/\/icliniclight.com\/agenda-tu-cita\/#breadcrumb\"},\"inLanguage\":\"en-US\",\"potentialAction\":[{\"@type\":\"ReadAction\",\"target\":[\"https:\/\/icliniclight.com\/agenda-tu-cita\/\"]}]},{\"@type\":\"ImageObject\",\"inLanguage\":\"en-US\",\"@id\":\"https:\/\/icliniclight.com\/agenda-tu-cita\/#primaryimage\",\"url\":\"https:\/\/icliniclight.com\/wp-content\/uploads\/2025\/03\/book-backgound.png\",\"contentUrl\":\"https:\/\/icliniclight.com\/wp-content\/uploads\/2025\/03\/book-backgound.png\"},{\"@type\":\"BreadcrumbList\",\"@id\":\"https:\/\/icliniclight.com\/agenda-tu-cita\/#breadcrumb\",\"itemListElement\":[{\"@type\":\"ListItem\",\"position\":1,\"name\":\"Inicio\",\"item\":\"https:\/\/icliniclight.com\/\"},{\"@type\":\"ListItem\",\"position\":2,\"name\":\"Agenda tu cita\"}]},{\"@type\":\"WebSite\",\"@id\":\"https:\/\/icliniclight.com\/#website\",\"url\":\"https:\/\/icliniclight.com\/\",\"name\":\"International Clinic Light\",\"description\":\"CIRUG\u00cdA PL\u00c1STICA, EST\u00c9TICA &amp; MEDICINA ANTIEDAD\",\"publisher\":{\"@id\":\"https:\/\/icliniclight.com\/#organization\"},\"potentialAction\":[{\"@type\":\"SearchAction\",\"target\":{\"@type\":\"EntryPoint\",\"urlTemplate\":\"https:\/\/icliniclight.com\/?s={search_term_string}\"},\"query-input\":{\"@type\":\"PropertyValueSpecification\",\"valueRequired\":true,\"valueName\":\"search_term_string\"}}],\"inLanguage\":\"en-US\"},{\"@type\":\"Organization\",\"@id\":\"https:\/\/icliniclight.com\/#organization\",\"name\":\"International Clinic Light\",\"url\":\"https:\/\/icliniclight.com\/\",\"logo\":{\"@type\":\"ImageObject\",\"inLanguage\":\"en-US\",\"@id\":\"https:\/\/icliniclight.com\/#\/schema\/logo\/image\/\",\"url\":\"https:\/\/icliniclight.com\/wp-content\/uploads\/2025\/04\/logoweb.png\",\"contentUrl\":\"https:\/\/icliniclight.com\/wp-content\/uploads\/2025\/04\/logoweb.png\",\"width\":718,\"height\":641,\"caption\":\"International Clinic Light\"},\"image\":{\"@id\":\"https:\/\/icliniclight.com\/#\/schema\/logo\/image\/\"},\"sameAs\":[\"https:\/\/www.facebook.com\/cliniclightcolombia\",\"https:\/\/www.instagram.com\/cliniclight\/\",\"https:\/\/www.tiktok.com\/@clinic.light\"]}]}<\/script>\n<!-- \/ Yoast SEO plugin. -->","yoast_head_json":{"title":"Agenda tu cita - INTERNATIONAL CLINIC LIGHT","robots":{"index":"index","follow":"follow","max-snippet":"max-snippet:-1","max-image-preview":"max-image-preview:large","max-video-preview":"max-video-preview:-1"},"canonical":"https:\/\/icliniclight.com\/en\/agenda-tu-cita\/","og_locale":"en_US","og_type":"article","og_title":"Agenda tu cita - INTERNATIONAL CLINIC LIGHT","og_description":"Reserva tu cita f\u00e1cilmente D\u00e9janos tus datos y agenda tu visita con nosotros. Nuestro equipo se comunicar\u00e1 contigo para confirmar y acompa\u00f1arte en todo el proceso. Elige un servicioTest servicesHaircuts &#038; StylingHair ColoringHair TreatmentsHair StylingHair ExtensionPure Bliss Body WrapSerenity Signature FacialEternal Glow Body ScrubGolden Glow Body GlowZen Retreat Foot TherapyRadiant Revive FacialScar RevisionDermal FillersLiposuctionBreast LiftBrow [&hellip;]","og_url":"https:\/\/icliniclight.com\/en\/agenda-tu-cita\/","og_site_name":"INTERNATIONAL CLINIC LIGHT","article_publisher":"https:\/\/www.facebook.com\/cliniclightcolombia","article_modified_time":"2025-04-20T00:14:37+00:00","og_image":[{"width":540,"height":660,"url":"https:\/\/icliniclight.com\/wp-content\/uploads\/2025\/03\/book-backgound.png","type":"image\/png"}],"twitter_card":"summary_large_image","twitter_misc":{"Est. reading time":"1 minute"},"schema":{"@context":"https:\/\/schema.org","@graph":[{"@type":"WebPage","@id":"https:\/\/icliniclight.com\/agenda-tu-cita\/","url":"https:\/\/icliniclight.com\/agenda-tu-cita\/","name":"Agenda tu cita - INTERNATIONAL CLINIC LIGHT","isPartOf":{"@id":"https:\/\/icliniclight.com\/#website"},"primaryImageOfPage":{"@id":"https:\/\/icliniclight.com\/agenda-tu-cita\/#primaryimage"},"image":{"@id":"https:\/\/icliniclight.com\/agenda-tu-cita\/#primaryimage"},"thumbnailUrl":"https:\/\/icliniclight.com\/wp-content\/uploads\/2025\/03\/book-backgound.png","datePublished":"2025-03-17T07:35:04+00:00","dateModified":"2025-04-20T00:14:37+00:00","breadcrumb":{"@id":"https:\/\/icliniclight.com\/agenda-tu-cita\/#breadcrumb"},"inLanguage":"en-US","potentialAction":[{"@type":"ReadAction","target":["https:\/\/icliniclight.com\/agenda-tu-cita\/"]}]},{"@type":"ImageObject","inLanguage":"en-US","@id":"https:\/\/icliniclight.com\/agenda-tu-cita\/#primaryimage","url":"https:\/\/icliniclight.com\/wp-content\/uploads\/2025\/03\/book-backgound.png","contentUrl":"https:\/\/icliniclight.com\/wp-content\/uploads\/2025\/03\/book-backgound.png"},{"@type":"BreadcrumbList","@id":"https:\/\/icliniclight.com\/agenda-tu-cita\/#breadcrumb","itemListElement":[{"@type":"ListItem","position":1,"name":"Inicio","item":"https:\/\/icliniclight.com\/"},{"@type":"ListItem","position":2,"name":"Agenda tu cita"}]},{"@type":"WebSite","@id":"https:\/\/icliniclight.com\/#website","url":"https:\/\/icliniclight.com\/","name":"International Clinic Light","description":"CIRUG\u00cdA PL\u00c1STICA, EST\u00c9TICA &amp; MEDICINA ANTIEDAD","publisher":{"@id":"https:\/\/icliniclight.com\/#organization"},"potentialAction":[{"@type":"SearchAction","target":{"@type":"EntryPoint","urlTemplate":"https:\/\/icliniclight.com\/?s={search_term_string}"},"query-input":{"@type":"PropertyValueSpecification","valueRequired":true,"valueName":"search_term_string"}}],"inLanguage":"en-US"},{"@type":"Organization","@id":"https:\/\/icliniclight.com\/#organization","name":"International Clinic Light","url":"https:\/\/icliniclight.com\/","logo":{"@type":"ImageObject","inLanguage":"en-US","@id":"https:\/\/icliniclight.com\/#\/schema\/logo\/image\/","url":"https:\/\/icliniclight.com\/wp-content\/uploads\/2025\/04\/logoweb.png","contentUrl":"https:\/\/icliniclight.com\/wp-content\/uploads\/2025\/04\/logoweb.png","width":718,"height":641,"caption":"International Clinic Light"},"image":{"@id":"https:\/\/icliniclight.com\/#\/schema\/logo\/image\/"},"sameAs":["https:\/\/www.facebook.com\/cliniclightcolombia","https:\/\/www.instagram.com\/cliniclight\/","https:\/\/www.tiktok.com\/@clinic.light"]}]}},"_links":{"self":[{"href":"https:\/\/icliniclight.com\/en\/wp-json\/wp\/v2\/pages\/30","targetHints":{"allow":["GET"]}}],"collection":[{"href":"https:\/\/icliniclight.com\/en\/wp-json\/wp\/v2\/pages"}],"about":[{"href":"https:\/\/icliniclight.com\/en\/wp-json\/wp\/v2\/types\/page"}],"author":[{"embeddable":true,"href":"https:\/\/icliniclight.com\/en\/wp-json\/wp\/v2\/users\/1"}],"replies":[{"embeddable":true,"href":"https:\/\/icliniclight.com\/en\/wp-json\/wp\/v2\/comments?post=30"}],"version-history":[{"count":4,"href":"https:\/\/icliniclight.com\/en\/wp-json\/wp\/v2\/pages\/30\/revisions"}],"predecessor-version":[{"id":6557,"href":"https:\/\/icliniclight.com\/en\/wp-json\/wp\/v2\/pages\/30\/revisions\/6557"}],"wp:attachment":[{"href":"https:\/\/icliniclight.com\/en\/wp-json\/wp\/v2\/media?parent=30"}],"curies":[{"name":"wp","href":"https:\/\/api.w.org\/{rel}","templated":true}]}}