{"id":23,"date":"2025-03-17T07:35:03","date_gmt":"2025-03-17T07:35:03","guid":{"rendered":"http:\/\/icliniclight.com\/our-team-02\/"},"modified":"2025-03-17T07:35:03","modified_gmt":"2025-03-17T07:35:03","slug":"our-team-02","status":"publish","type":"page","link":"https:\/\/icliniclight.com\/en\/our-team-02\/","title":{"rendered":"Our Team 02"},"content":{"rendered":"<div data-elementor-type=\"wp-page\" data-elementor-id=\"23\" class=\"elementor elementor-23\">\n\t\t\t\t <div class=\"elementor-element elementor-element-07b0340 e-flex e-con-boxed e-con e-parent\" data-id=\"07b0340\" data-element_type=\"container\">\n\t\t\t\t\t<div class=\"e-con-inner\">\n\t\t<div class=\"elementor-element elementor-element-23f804f e-con-full e-flex e-con e-child\" data-id=\"23f804f\" data-element_type=\"container\">\n\t\t\t\t<div class=\"elementor-element elementor-element-25d73e0 elementor-tablet-align-center subtitle-position-above elementor-widget__width-initial elementor-widget elementor-widget-bemeina-heading\" data-id=\"25d73e0\" data-element_type=\"widget\" data-widget_type=\"bemeina-heading.default\">\n\t\t\t\t<div class=\"elementor-widget-container\">\n\t\t\t\t\t<div class=\"elementor-heading-wrapper-inner\"><h2 class=\"elementor-heading-title elementor-size-default\">The magic from our\u00a0skilled experts<\/h2><div class=\"elementor-sub-title\"><span>Meet our team<\/span><\/div><\/div>\t\t\t\t<\/div>\n\t\t\t\t<\/div>\n\t\t\t\t<\/div>\n\t\t<div class=\"elementor-element elementor-element-cd5b919 e-con-full e-flex e-con e-child\" data-id=\"cd5b919\" data-element_type=\"container\">\n\t\t\t\t<div class=\"elementor-element elementor-element-4e09e54 elementor-widget__width-initial elementor-widget elementor-widget-text-editor\" data-id=\"4e09e54\" data-element_type=\"widget\" data-widget_type=\"text-editor.default\">\n\t\t\t\t<div class=\"elementor-widget-container\">\n\t\t\t\t\t\t\t\t\tOur team of highly trained professionals is dedicated to your wellness, using the latest techniques and the finest products to provide exceptional care.\t\t\t\t\t\t\t\t<\/div>\n\t\t\t\t<\/div>\n\t\t\t\t<\/div>\n\t\t\t\t\t<\/div>\n\t\t\t\t<\/div>\n\t\t<div class=\"elementor-element elementor-element-eba3d50 e-flex e-con-boxed e-con e-parent\" data-id=\"eba3d50\" data-element_type=\"container\">\n\t\t\t\t\t<div class=\"e-con-inner\">\n\t\t\t\t<div class=\"elementor-element elementor-element-69cd034 elementor-grid-4 elementor-grid-laptop-4 elementor-grid-tablet_extra-3 elementor-grid-tablet-3 elementor-grid-mobile_extra-2 elementor-grid-mobile-1 elementor-widget elementor-widget-bemeina-teams-list\" data-id=\"69cd034\" data-element_type=\"widget\" data-settings=\"{&quot;column&quot;:&quot;4&quot;,&quot;column_laptop&quot;:&quot;4&quot;,&quot;column_tablet_extra&quot;:&quot;3&quot;,&quot;column_tablet&quot;:&quot;3&quot;,&quot;column_mobile_extra&quot;:&quot;2&quot;,&quot;column_mobile&quot;:&quot;1&quot;,&quot;column_spacing&quot;:{&quot;unit&quot;:&quot;px&quot;,&quot;size&quot;:30,&quot;sizes&quot;:[]},&quot;column_spacing_laptop&quot;:{&quot;unit&quot;:&quot;px&quot;,&quot;size&quot;:&quot;&quot;,&quot;sizes&quot;:[]},&quot;column_spacing_tablet_extra&quot;:{&quot;unit&quot;:&quot;px&quot;,&quot;size&quot;:&quot;&quot;,&quot;sizes&quot;:[]},&quot;column_spacing_tablet&quot;:{&quot;unit&quot;:&quot;px&quot;,&quot;size&quot;:&quot;&quot;,&quot;sizes&quot;:[]},&quot;column_spacing_mobile_extra&quot;:{&quot;unit&quot;:&quot;px&quot;,&quot;size&quot;:&quot;&quot;,&quot;sizes&quot;:[]},&quot;column_spacing_mobile&quot;:{&quot;unit&quot;:&quot;px&quot;,&quot;size&quot;:&quot;&quot;,&quot;sizes&quot;:[]}}\" data-widget_type=\"bemeina-teams-list.default\">\n\t\t\t\t<div class=\"elementor-widget-container\">\n\t\t\t\t\t<div class=\"bemeina-team columns-4  elementor-team elementor-team-style2\">No data was founded<\/div>\t\t\t\t<\/div>\n\t\t\t\t<\/div>\n\t\t\t\t\t<\/div>\n\t\t\t\t<\/div>\n\t\t\t\t<\/div>","protected":false},"excerpt":{"rendered":"","protected":false},"author":1,"featured_media":0,"parent":0,"menu_order":0,"comment_status":"closed","ping_status":"closed","template":"","meta":{"_joinchat":[],"footnotes":""},"class_list":["post-23","page","type-page","status-publish","hentry"],"yoast_head":"<!-- This site is optimized with the Yoast SEO plugin v26.5 - https:\/\/yoast.com\/wordpress\/plugins\/seo\/ -->\n<title>Our Team 02 - INTERNATIONAL CLINIC LIGHT<\/title>\n<meta name=\"robots\" content=\"index, follow, max-snippet:-1, max-image-preview:large, max-video-preview:-1\" \/>\n<link rel=\"canonical\" href=\"https:\/\/icliniclight.com\/en\/our-team-02\/\" \/>\n<meta property=\"og:locale\" content=\"en_US\" \/>\n<meta property=\"og:type\" content=\"article\" \/>\n<meta property=\"og:title\" content=\"Our Team 02 - INTERNATIONAL CLINIC LIGHT\" \/>\n<meta property=\"og:url\" content=\"https:\/\/icliniclight.com\/en\/our-team-02\/\" \/>\n<meta property=\"og:site_name\" content=\"INTERNATIONAL CLINIC LIGHT\" \/>\n<meta property=\"article:publisher\" content=\"https:\/\/www.facebook.com\/cliniclightcolombia\" \/>\n<meta property=\"og:image\" content=\"https:\/\/icliniclight.com\/wp-content\/uploads\/2025\/04\/1-logo_2024-06__1_-removebg-preview.png\" \/>\n\t<meta property=\"og:image:width\" content=\"504\" \/>\n\t<meta property=\"og:image:height\" content=\"495\" \/>\n\t<meta property=\"og:image:type\" content=\"image\/png\" \/>\n<meta name=\"twitter:card\" content=\"summary_large_image\" \/>\n<script type=\"application\/ld+json\" class=\"yoast-schema-graph\">{\"@context\":\"https:\/\/schema.org\",\"@graph\":[{\"@type\":\"WebPage\",\"@id\":\"https:\/\/icliniclight.com\/our-team-02\/\",\"url\":\"https:\/\/icliniclight.com\/our-team-02\/\",\"name\":\"Our Team 02 - INTERNATIONAL CLINIC LIGHT\",\"isPartOf\":{\"@id\":\"https:\/\/icliniclight.com\/#website\"},\"datePublished\":\"2025-03-17T07:35:03+00:00\",\"breadcrumb\":{\"@id\":\"https:\/\/icliniclight.com\/our-team-02\/#breadcrumb\"},\"inLanguage\":\"en-US\",\"potentialAction\":[{\"@type\":\"ReadAction\",\"target\":[\"https:\/\/icliniclight.com\/our-team-02\/\"]}]},{\"@type\":\"BreadcrumbList\",\"@id\":\"https:\/\/icliniclight.com\/our-team-02\/#breadcrumb\",\"itemListElement\":[{\"@type\":\"ListItem\",\"position\":1,\"name\":\"Inicio\",\"item\":\"https:\/\/icliniclight.com\/\"},{\"@type\":\"ListItem\",\"position\":2,\"name\":\"Our Team 02\"}]},{\"@type\":\"WebSite\",\"@id\":\"https:\/\/icliniclight.com\/#website\",\"url\":\"https:\/\/icliniclight.com\/\",\"name\":\"International Clinic Light\",\"description\":\"CIRUG\u00cdA PL\u00c1STICA, EST\u00c9TICA &amp; MEDICINA ANTIEDAD\",\"publisher\":{\"@id\":\"https:\/\/icliniclight.com\/#organization\"},\"potentialAction\":[{\"@type\":\"SearchAction\",\"target\":{\"@type\":\"EntryPoint\",\"urlTemplate\":\"https:\/\/icliniclight.com\/?s={search_term_string}\"},\"query-input\":{\"@type\":\"PropertyValueSpecification\",\"valueRequired\":true,\"valueName\":\"search_term_string\"}}],\"inLanguage\":\"en-US\"},{\"@type\":\"Organization\",\"@id\":\"https:\/\/icliniclight.com\/#organization\",\"name\":\"International Clinic Light\",\"url\":\"https:\/\/icliniclight.com\/\",\"logo\":{\"@type\":\"ImageObject\",\"inLanguage\":\"en-US\",\"@id\":\"https:\/\/icliniclight.com\/#\/schema\/logo\/image\/\",\"url\":\"https:\/\/icliniclight.com\/wp-content\/uploads\/2025\/04\/logoweb.png\",\"contentUrl\":\"https:\/\/icliniclight.com\/wp-content\/uploads\/2025\/04\/logoweb.png\",\"width\":718,\"height\":641,\"caption\":\"International Clinic Light\"},\"image\":{\"@id\":\"https:\/\/icliniclight.com\/#\/schema\/logo\/image\/\"},\"sameAs\":[\"https:\/\/www.facebook.com\/cliniclightcolombia\",\"https:\/\/www.instagram.com\/cliniclight\/\",\"https:\/\/www.tiktok.com\/@clinic.light\"]}]}<\/script>\n<!-- \/ Yoast SEO plugin. -->","yoast_head_json":{"title":"Our Team 02 - INTERNATIONAL CLINIC LIGHT","robots":{"index":"index","follow":"follow","max-snippet":"max-snippet:-1","max-image-preview":"max-image-preview:large","max-video-preview":"max-video-preview:-1"},"canonical":"https:\/\/icliniclight.com\/en\/our-team-02\/","og_locale":"en_US","og_type":"article","og_title":"Our Team 02 - INTERNATIONAL CLINIC LIGHT","og_url":"https:\/\/icliniclight.com\/en\/our-team-02\/","og_site_name":"INTERNATIONAL CLINIC LIGHT","article_publisher":"https:\/\/www.facebook.com\/cliniclightcolombia","og_image":[{"width":504,"height":495,"url":"https:\/\/icliniclight.com\/wp-content\/uploads\/2025\/04\/1-logo_2024-06__1_-removebg-preview.png","type":"image\/png"}],"twitter_card":"summary_large_image","schema":{"@context":"https:\/\/schema.org","@graph":[{"@type":"WebPage","@id":"https:\/\/icliniclight.com\/our-team-02\/","url":"https:\/\/icliniclight.com\/our-team-02\/","name":"Our Team 02 - INTERNATIONAL CLINIC LIGHT","isPartOf":{"@id":"https:\/\/icliniclight.com\/#website"},"datePublished":"2025-03-17T07:35:03+00:00","breadcrumb":{"@id":"https:\/\/icliniclight.com\/our-team-02\/#breadcrumb"},"inLanguage":"en-US","potentialAction":[{"@type":"ReadAction","target":["https:\/\/icliniclight.com\/our-team-02\/"]}]},{"@type":"BreadcrumbList","@id":"https:\/\/icliniclight.com\/our-team-02\/#breadcrumb","itemListElement":[{"@type":"ListItem","position":1,"name":"Inicio","item":"https:\/\/icliniclight.com\/"},{"@type":"ListItem","position":2,"name":"Our Team 02"}]},{"@type":"WebSite","@id":"https:\/\/icliniclight.com\/#website","url":"https:\/\/icliniclight.com\/","name":"International Clinic Light","description":"CIRUG\u00cdA PL\u00c1STICA, EST\u00c9TICA &amp; MEDICINA ANTIEDAD","publisher":{"@id":"https:\/\/icliniclight.com\/#organization"},"potentialAction":[{"@type":"SearchAction","target":{"@type":"EntryPoint","urlTemplate":"https:\/\/icliniclight.com\/?s={search_term_string}"},"query-input":{"@type":"PropertyValueSpecification","valueRequired":true,"valueName":"search_term_string"}}],"inLanguage":"en-US"},{"@type":"Organization","@id":"https:\/\/icliniclight.com\/#organization","name":"International Clinic Light","url":"https:\/\/icliniclight.com\/","logo":{"@type":"ImageObject","inLanguage":"en-US","@id":"https:\/\/icliniclight.com\/#\/schema\/logo\/image\/","url":"https:\/\/icliniclight.com\/wp-content\/uploads\/2025\/04\/logoweb.png","contentUrl":"https:\/\/icliniclight.com\/wp-content\/uploads\/2025\/04\/logoweb.png","width":718,"height":641,"caption":"International Clinic Light"},"image":{"@id":"https:\/\/icliniclight.com\/#\/schema\/logo\/image\/"},"sameAs":["https:\/\/www.facebook.com\/cliniclightcolombia","https:\/\/www.instagram.com\/cliniclight\/","https:\/\/www.tiktok.com\/@clinic.light"]}]}},"_links":{"self":[{"href":"https:\/\/icliniclight.com\/en\/wp-json\/wp\/v2\/pages\/23","targetHints":{"allow":["GET"]}}],"collection":[{"href":"https:\/\/icliniclight.com\/en\/wp-json\/wp\/v2\/pages"}],"about":[{"href":"https:\/\/icliniclight.com\/en\/wp-json\/wp\/v2\/types\/page"}],"author":[{"embeddable":true,"href":"https:\/\/icliniclight.com\/en\/wp-json\/wp\/v2\/users\/1"}],"replies":[{"embeddable":true,"href":"https:\/\/icliniclight.com\/en\/wp-json\/wp\/v2\/comments?post=23"}],"version-history":[{"count":0,"href":"https:\/\/icliniclight.com\/en\/wp-json\/wp\/v2\/pages\/23\/revisions"}],"wp:attachment":[{"href":"https:\/\/icliniclight.com\/en\/wp-json\/wp\/v2\/media?parent=23"}],"curies":[{"name":"wp","href":"https:\/\/api.w.org\/{rel}","templated":true}]}}