{"id":22,"date":"2025-03-17T07:35:03","date_gmt":"2025-03-17T07:35:03","guid":{"rendered":"http:\/\/icliniclight.com\/our-team-01\/"},"modified":"2025-03-17T07:35:03","modified_gmt":"2025-03-17T07:35:03","slug":"our-team-01","status":"publish","type":"page","link":"https:\/\/icliniclight.com\/en\/our-team-01\/","title":{"rendered":"Our Team 01"},"content":{"rendered":"<div data-elementor-type=\"wp-page\" data-elementor-id=\"22\" class=\"elementor elementor-22\">\n\t\t\t\t<div class=\"elementor-element elementor-element-6c849d1 e-flex e-con-boxed e-con e-parent\" data-id=\"6c849d1\" data-element_type=\"container\">\n\t\t\t\t\t<div class=\"e-con-inner\">\n\t\t<div class=\"elementor-element elementor-element-6e19727 e-con-full e-flex e-con e-child\" data-id=\"6e19727\" data-element_type=\"container\">\n\t\t \t\t<div class=\"elementor-element elementor-element-375e12b elementor-tablet-align-center subtitle-position-above elementor-widget__width-initial elementor-widget elementor-widget-bemeina-heading\" data-id=\"375e12b\" data-element_type=\"widget\" data-widget_type=\"bemeina-heading.default\">\n\t\t\t\t<div class=\"elementor-widget-container\">\n\t\t\t\t\t<div class=\"elementor-heading-wrapper-inner\"><h2 class=\"elementor-heading-title elementor-size-default\">World class surgeons exceptional results<\/h2><div class=\"elementor-sub-title\"><span>Meet our team<\/span><\/div><\/div>\t\t\t\t<\/div>\n\t\t\t\t<\/div>\n\t\t\t\t<\/div>\n\t\t<div class=\"elementor-element elementor-element-41759dc e-con-full e-flex e-con e-child\" data-id=\"41759dc\" data-element_type=\"container\">\n\t\t\t\t<div class=\"elementor-element elementor-element-307a2b0 elementor-widget__width-initial elementor-widget elementor-widget-text-editor\" data-id=\"307a2b0\" data-element_type=\"widget\" data-widget_type=\"text-editor.default\">\n\t\t\t\t<div class=\"elementor-widget-container\">\n\t\t\t\t\t\t\t\t\tOur team of highly trained professionals is dedicated to your wellness, using the latest techniques and the finest products to provide exceptional care.\t\t\t\t\t\t\t\t<\/div>\n\t\t\t\t<\/div>\n\t\t\t\t<\/div>\n\t\t\t\t\t<\/div>\n\t\t\t\t<\/div>\n\t\t<div class=\"elementor-element elementor-element-0c8a977 e-flex e-con-boxed e-con e-parent\" data-id=\"0c8a977\" data-element_type=\"container\">\n\t\t\t\t\t<div class=\"e-con-inner\">\n\t\t\t\t<div class=\"elementor-element elementor-element-7467fbe elementor-grid-4 elementor-grid-laptop-4 elementor-grid-tablet_extra-3 elementor-grid-tablet-3 elementor-grid-mobile_extra-2 elementor-grid-mobile-1 elementor-widget elementor-widget-bemeina-teams-list\" data-id=\"7467fbe\" data-element_type=\"widget\" data-settings=\"{&quot;column&quot;:&quot;4&quot;,&quot;column_laptop&quot;:&quot;4&quot;,&quot;column_tablet_extra&quot;:&quot;3&quot;,&quot;column_tablet&quot;:&quot;3&quot;,&quot;column_mobile_extra&quot;:&quot;2&quot;,&quot;column_mobile&quot;:&quot;1&quot;,&quot;column_spacing&quot;:{&quot;unit&quot;:&quot;px&quot;,&quot;size&quot;:30,&quot;sizes&quot;:[]},&quot;column_spacing_laptop&quot;:{&quot;unit&quot;:&quot;px&quot;,&quot;size&quot;:&quot;&quot;,&quot;sizes&quot;:[]},&quot;column_spacing_tablet_extra&quot;:{&quot;unit&quot;:&quot;px&quot;,&quot;size&quot;:&quot;&quot;,&quot;sizes&quot;:[]},&quot;column_spacing_tablet&quot;:{&quot;unit&quot;:&quot;px&quot;,&quot;size&quot;:&quot;&quot;,&quot;sizes&quot;:[]},&quot;column_spacing_mobile_extra&quot;:{&quot;unit&quot;:&quot;px&quot;,&quot;size&quot;:&quot;&quot;,&quot;sizes&quot;:[]},&quot;column_spacing_mobile&quot;:{&quot;unit&quot;:&quot;px&quot;,&quot;size&quot;:&quot;&quot;,&quot;sizes&quot;:[]}}\" data-widget_type=\"bemeina-teams-list.default\">\n\t\t\t\t<div class=\"elementor-widget-container\">\n\t\t\t\t\t<div class=\"bemeina-team columns-4  elementor-team elementor-team-style1\">\n<div class=\"bemeina-con\">\n    <ul class=\"bemeina-team bemeina-list-wrapper clear-list-style elementor-grid\">\n\n    <li class=\"bemeina-item team team-style-1\">\n        <div class=\"team-block\">\n                        <div class=\"team-transition\">\n                            <figure class=\"post-thumbnail team-image\">\n\t\t\t\t<a href=\"https:\/\/icliniclight.com\/en\/team\/dr-octavio-cubas-mendoza\/\" title=\"Dr. Octavio Vats Mendoza\">\n\t\t\t\t\t<img fetchpriority=\"high\" decoding=\"async\" width=\"980\" height=\"980\" src=\"https:\/\/icliniclight.com\/wp-content\/uploads\/2025\/03\/team-h1-7.jpg\" class=\"attachment-large size-large wp-post-image\" alt=\"\" srcset=\"https:\/\/icliniclight.com\/wp-content\/uploads\/2025\/03\/team-h1-7.jpg 1000w, https:\/\/icliniclight.com\/wp-content\/uploads\/2025\/03\/team-h1-7-300x300.jpg 300w, https:\/\/icliniclight.com\/wp-content\/uploads\/2025\/03\/team-h1-7-150x150.jpg 150w, https:\/\/icliniclight.com\/wp-content\/uploads\/2025\/03\/team-h1-7-768x768.jpg 768w, https:\/\/icliniclight.com\/wp-content\/uploads\/2025\/03\/team-h1-7-629x629.jpg 629w, https:\/\/icliniclight.com\/wp-content\/uploads\/2025\/03\/team-h1-7-600x600.jpg 600w, https:\/\/icliniclight.com\/wp-content\/uploads\/2025\/03\/team-h1-7-100x100.jpg 100w, https:\/\/icliniclight.com\/wp-content\/uploads\/2025\/03\/team-h1-7-50x50.jpg 50w, https:\/\/icliniclight.com\/wp-content\/uploads\/2025\/03\/team-h1-7-96x96.jpg 96w, https:\/\/icliniclight.com\/wp-content\/uploads\/2025\/03\/team-h1-7-460x460.jpg 460w\" sizes=\"(max-width: 980px) 100vw, 980px\" \/>\t\t\t\t<\/a>\n\t\t\t<\/figure>\n\t\t\t            <\/div>\n            <div class=\"team-content\">\n                <div class=\"team-caption\">\n                            <h3 class=\"team-loop-title\">\n\t\t\t<a href=\"https:\/\/icliniclight.com\/en\/team\/dr-octavio-cubas-mendoza\/\">Dr. Octavio Vats Mendoza<\/a>\n\t\t<\/h3>\n        \t\t\t<div class=\"team-loop-job\">Plastic Surgeon<\/div>\n\t\t\t                <\/div>\n                <div class=\"team-actions\">\n                                <ol class=\"team_socials\">\n                                    <li>\n                        <a class=\"bemeina-icon-socical\" href=\"https:\/\/www.facebook.com\/doctores.cubas.5\" target=\"_blank\"><i class=\"bemeina-icon-facebook-f\"><\/i><\/a>\n                    <\/li>\n                                                    <li>\n                        <a class=\"bemeina-icon-socical\" href=\"https:\/\/x.com\/themelexus\" target=\"_blank\"><i class=\"bemeina-icon-twitter\"><\/i><\/a>\n                    <\/li>\n                                                    <li>\n                        <a class=\"bemeina-icon-socical\" href=\"https:\/\/www.instagram.com\/dr_cubas\/\" target=\"_blank\"><i class=\"bemeina-icon-instagram\"><\/i><\/a>\n                    <\/li>\n                                                            <\/ol>\n                <div class=\"team-button\">\n            <a class=\"more-link btn-slip-effect\" href=\"https:\/\/icliniclight.com\/en\/team\/dr-octavio-cubas-mendoza\/\" title=\"Dr. Octavio Vats Mendoza\">\n                <span class=\"elementor-button-icon\">\n                    <i class=\"bemeina-icon-flower\"><\/i>\n                <\/span>\n                <span class=\"elementor-button-text\" data-text=\"Open Profile\" >Open Profile<\/span>\n            <\/a>\n        <\/div>\n                        <\/div>\n            <\/div>\n                    <\/div>\n    <\/li>\n    <li class=\"bemeina-item team team-style-1\">\n        <div class=\"team-block\">\n                        <div class=\"team-transition\">\n                            <figure class=\"post-thumbnail team-image\">\n\t\t\t\t<a href=\"https:\/\/icliniclight.com\/en\/team\/dra-jany-paola-coll-monery\/\" title=\"Dr. Jany Paola Coll Monery\">\n\t\t\t\t\t<img decoding=\"async\" width=\"980\" height=\"980\" src=\"https:\/\/icliniclight.com\/wp-content\/uploads\/2025\/03\/team-h1-8.jpg\" class=\"attachment-large size-large wp-post-image\" alt=\"\" srcset=\"https:\/\/icliniclight.com\/wp-content\/uploads\/2025\/03\/team-h1-8.jpg 1000w, https:\/\/icliniclight.com\/wp-content\/uploads\/2025\/03\/team-h1-8-300x300.jpg 300w, https:\/\/icliniclight.com\/wp-content\/uploads\/2025\/03\/team-h1-8-150x150.jpg 150w, https:\/\/icliniclight.com\/wp-content\/uploads\/2025\/03\/team-h1-8-768x768.jpg 768w, https:\/\/icliniclight.com\/wp-content\/uploads\/2025\/03\/team-h1-8-629x629.jpg 629w, https:\/\/icliniclight.com\/wp-content\/uploads\/2025\/03\/team-h1-8-600x600.jpg 600w, https:\/\/icliniclight.com\/wp-content\/uploads\/2025\/03\/team-h1-8-100x100.jpg 100w, https:\/\/icliniclight.com\/wp-content\/uploads\/2025\/03\/team-h1-8-50x50.jpg 50w, https:\/\/icliniclight.com\/wp-content\/uploads\/2025\/03\/team-h1-8-96x96.jpg 96w, https:\/\/icliniclight.com\/wp-content\/uploads\/2025\/03\/team-h1-8-460x460.jpg 460w\" sizes=\"(max-width: 980px) 100vw, 980px\" \/>\t\t\t\t<\/a>\n\t\t\t<\/figure>\n\t\t\t            <\/div>\n            <div class=\"team-content\">\n                <div class=\"team-caption\">\n                            <h3 class=\"team-loop-title\">\n\t\t\t<a href=\"https:\/\/icliniclight.com\/en\/team\/dra-jany-paola-coll-monery\/\">Dr. Jany Paola Coll Monery<\/a>\n\t\t<\/h3>\n        \t\t\t<div class=\"team-loop-job\">Facial Aesthetic Surgeon<\/div>\n\t\t\t                <\/div>\n                <div class=\"team-actions\">\n                                <ol class=\"team_socials\">\n                                    <li>\n                        <a class=\"bemeina-icon-socical\" href=\"https:\/\/www.facebook.com\/cliniclightcolombia\" target=\"_blank\"><i class=\"bemeina-icon-facebook-f\"><\/i><\/a>\n                    <\/li>\n                                                                    <li>\n                        <a class=\"bemeina-icon-socical\" href=\"https:\/\/www.instagram.com\/dra_janycoll\" target=\"_blank\"><i class=\"bemeina-icon-instagram\"><\/i><\/a>\n                    <\/li>\n                                                            <\/ol>\n                <div class=\"team-button\">\n            <a class=\"more-link btn-slip-effect\" href=\"https:\/\/icliniclight.com\/en\/team\/dra-jany-paola-coll-monery\/\" title=\"Dr. Jany Paola Coll Monery\">\n                <span class=\"elementor-button-icon\">\n                    <i class=\"bemeina-icon-flower\"><\/i>\n                <\/span>\n                <span class=\"elementor-button-text\" data-text=\"Open Profile\" >Open Profile<\/span>\n            <\/a>\n        <\/div>\n                        <\/div>\n            <\/div>\n                    <\/div>\n    <\/li>\n    <\/ul>\n<\/div><\/div>\t\t\t\t<\/div>\n\t\t\t\t<\/div>\n\t\t\t\t\t<\/div>\n\t\t\t\t<\/div>\n\t\t\t\t<\/div>","protected":false},"excerpt":{"rendered":"","protected":false},"author":1,"featured_media":0,"parent":0,"menu_order":0,"comment_status":"closed","ping_status":"closed","template":"","meta":{"_joinchat":[],"footnotes":""},"class_list":["post-22","page","type-page","status-publish","hentry"],"yoast_head":"<!-- This site is optimized with the Yoast SEO plugin v26.5 - https:\/\/yoast.com\/wordpress\/plugins\/seo\/ -->\n<title>Our Team 01 - INTERNATIONAL CLINIC LIGHT<\/title>\n<meta name=\"robots\" content=\"index, follow, max-snippet:-1, max-image-preview:large, max-video-preview:-1\" \/>\n<link rel=\"canonical\" href=\"https:\/\/icliniclight.com\/en\/our-team-01\/\" \/>\n<meta property=\"og:locale\" content=\"en_US\" \/>\n<meta property=\"og:type\" content=\"article\" \/>\n<meta property=\"og:title\" content=\"Our Team 01 - INTERNATIONAL CLINIC LIGHT\" \/>\n<meta property=\"og:url\" content=\"https:\/\/icliniclight.com\/en\/our-team-01\/\" \/>\n<meta property=\"og:site_name\" content=\"INTERNATIONAL CLINIC LIGHT\" \/>\n<meta property=\"article:publisher\" content=\"https:\/\/www.facebook.com\/cliniclightcolombia\" \/>\n<meta property=\"og:image\" content=\"https:\/\/icliniclight.com\/wp-content\/uploads\/2025\/04\/1-logo_2024-06__1_-removebg-preview.png\" \/>\n\t<meta property=\"og:image:width\" content=\"504\" \/>\n\t<meta property=\"og:image:height\" content=\"495\" \/>\n\t<meta property=\"og:image:type\" content=\"image\/png\" \/>\n<meta name=\"twitter:card\" content=\"summary_large_image\" \/>\n<script type=\"application\/ld+json\" class=\"yoast-schema-graph\">{\"@context\":\"https:\/\/schema.org\",\"@graph\":[{\"@type\":\"WebPage\",\"@id\":\"https:\/\/icliniclight.com\/our-team-01\/\",\"url\":\"https:\/\/icliniclight.com\/our-team-01\/\",\"name\":\"Our Team 01 - INTERNATIONAL CLINIC LIGHT\",\"isPartOf\":{\"@id\":\"https:\/\/icliniclight.com\/#website\"},\"datePublished\":\"2025-03-17T07:35:03+00:00\",\"breadcrumb\":{\"@id\":\"https:\/\/icliniclight.com\/our-team-01\/#breadcrumb\"},\"inLanguage\":\"en-US\",\"potentialAction\":[{\"@type\":\"ReadAction\",\"target\":[\"https:\/\/icliniclight.com\/our-team-01\/\"]}]},{\"@type\":\"BreadcrumbList\",\"@id\":\"https:\/\/icliniclight.com\/our-team-01\/#breadcrumb\",\"itemListElement\":[{\"@type\":\"ListItem\",\"position\":1,\"name\":\"Inicio\",\"item\":\"https:\/\/icliniclight.com\/\"},{\"@type\":\"ListItem\",\"position\":2,\"name\":\"Our Team 01\"}]},{\"@type\":\"WebSite\",\"@id\":\"https:\/\/icliniclight.com\/#website\",\"url\":\"https:\/\/icliniclight.com\/\",\"name\":\"International Clinic Light\",\"description\":\"CIRUG\u00cdA PL\u00c1STICA, EST\u00c9TICA &amp; MEDICINA ANTIEDAD\",\"publisher\":{\"@id\":\"https:\/\/icliniclight.com\/#organization\"},\"potentialAction\":[{\"@type\":\"SearchAction\",\"target\":{\"@type\":\"EntryPoint\",\"urlTemplate\":\"https:\/\/icliniclight.com\/?s={search_term_string}\"},\"query-input\":{\"@type\":\"PropertyValueSpecification\",\"valueRequired\":true,\"valueName\":\"search_term_string\"}}],\"inLanguage\":\"en-US\"},{\"@type\":\"Organization\",\"@id\":\"https:\/\/icliniclight.com\/#organization\",\"name\":\"International Clinic Light\",\"url\":\"https:\/\/icliniclight.com\/\",\"logo\":{\"@type\":\"ImageObject\",\"inLanguage\":\"en-US\",\"@id\":\"https:\/\/icliniclight.com\/#\/schema\/logo\/image\/\",\"url\":\"https:\/\/icliniclight.com\/wp-content\/uploads\/2025\/04\/logoweb.png\",\"contentUrl\":\"https:\/\/icliniclight.com\/wp-content\/uploads\/2025\/04\/logoweb.png\",\"width\":718,\"height\":641,\"caption\":\"International Clinic Light\"},\"image\":{\"@id\":\"https:\/\/icliniclight.com\/#\/schema\/logo\/image\/\"},\"sameAs\":[\"https:\/\/www.facebook.com\/cliniclightcolombia\",\"https:\/\/www.instagram.com\/cliniclight\/\",\"https:\/\/www.tiktok.com\/@clinic.light\"]}]}<\/script>\n<!-- \/ Yoast SEO plugin. -->","yoast_head_json":{"title":"Our Team 01 - INTERNATIONAL CLINIC LIGHT","robots":{"index":"index","follow":"follow","max-snippet":"max-snippet:-1","max-image-preview":"max-image-preview:large","max-video-preview":"max-video-preview:-1"},"canonical":"https:\/\/icliniclight.com\/en\/our-team-01\/","og_locale":"en_US","og_type":"article","og_title":"Our Team 01 - INTERNATIONAL CLINIC LIGHT","og_url":"https:\/\/icliniclight.com\/en\/our-team-01\/","og_site_name":"INTERNATIONAL CLINIC LIGHT","article_publisher":"https:\/\/www.facebook.com\/cliniclightcolombia","og_image":[{"width":504,"height":495,"url":"https:\/\/icliniclight.com\/wp-content\/uploads\/2025\/04\/1-logo_2024-06__1_-removebg-preview.png","type":"image\/png"}],"twitter_card":"summary_large_image","schema":{"@context":"https:\/\/schema.org","@graph":[{"@type":"WebPage","@id":"https:\/\/icliniclight.com\/our-team-01\/","url":"https:\/\/icliniclight.com\/our-team-01\/","name":"Our Team 01 - INTERNATIONAL CLINIC LIGHT","isPartOf":{"@id":"https:\/\/icliniclight.com\/#website"},"datePublished":"2025-03-17T07:35:03+00:00","breadcrumb":{"@id":"https:\/\/icliniclight.com\/our-team-01\/#breadcrumb"},"inLanguage":"en-US","potentialAction":[{"@type":"ReadAction","target":["https:\/\/icliniclight.com\/our-team-01\/"]}]},{"@type":"BreadcrumbList","@id":"https:\/\/icliniclight.com\/our-team-01\/#breadcrumb","itemListElement":[{"@type":"ListItem","position":1,"name":"Inicio","item":"https:\/\/icliniclight.com\/"},{"@type":"ListItem","position":2,"name":"Our Team 01"}]},{"@type":"WebSite","@id":"https:\/\/icliniclight.com\/#website","url":"https:\/\/icliniclight.com\/","name":"International Clinic Light","description":"CIRUG\u00cdA PL\u00c1STICA, EST\u00c9TICA &amp; MEDICINA ANTIEDAD","publisher":{"@id":"https:\/\/icliniclight.com\/#organization"},"potentialAction":[{"@type":"SearchAction","target":{"@type":"EntryPoint","urlTemplate":"https:\/\/icliniclight.com\/?s={search_term_string}"},"query-input":{"@type":"PropertyValueSpecification","valueRequired":true,"valueName":"search_term_string"}}],"inLanguage":"en-US"},{"@type":"Organization","@id":"https:\/\/icliniclight.com\/#organization","name":"International Clinic Light","url":"https:\/\/icliniclight.com\/","logo":{"@type":"ImageObject","inLanguage":"en-US","@id":"https:\/\/icliniclight.com\/#\/schema\/logo\/image\/","url":"https:\/\/icliniclight.com\/wp-content\/uploads\/2025\/04\/logoweb.png","contentUrl":"https:\/\/icliniclight.com\/wp-content\/uploads\/2025\/04\/logoweb.png","width":718,"height":641,"caption":"International Clinic Light"},"image":{"@id":"https:\/\/icliniclight.com\/#\/schema\/logo\/image\/"},"sameAs":["https:\/\/www.facebook.com\/cliniclightcolombia","https:\/\/www.instagram.com\/cliniclight\/","https:\/\/www.tiktok.com\/@clinic.light"]}]}},"_links":{"self":[{"href":"https:\/\/icliniclight.com\/en\/wp-json\/wp\/v2\/pages\/22","targetHints":{"allow":["GET"]}}],"collection":[{"href":"https:\/\/icliniclight.com\/en\/wp-json\/wp\/v2\/pages"}],"about":[{"href":"https:\/\/icliniclight.com\/en\/wp-json\/wp\/v2\/types\/page"}],"author":[{"embeddable":true,"href":"https:\/\/icliniclight.com\/en\/wp-json\/wp\/v2\/users\/1"}],"replies":[{"embeddable":true,"href":"https:\/\/icliniclight.com\/en\/wp-json\/wp\/v2\/comments?post=22"}],"version-history":[{"count":0,"href":"https:\/\/icliniclight.com\/en\/wp-json\/wp\/v2\/pages\/22\/revisions"}],"wp:attachment":[{"href":"https:\/\/icliniclight.com\/en\/wp-json\/wp\/v2\/media?parent=22"}],"curies":[{"name":"wp","href":"https:\/\/api.w.org\/{rel}","templated":true}]}}